{"id":19481,"date":"2015-11-24T15:28:15","date_gmt":"2015-11-24T14:28:15","guid":{"rendered":"https:\/\/infinityarchmedia.com\/werbefilm\/hotel-video-image-film-production\/"},"modified":"2026-01-18T14:19:55","modified_gmt":"2026-01-18T13:19:55","slug":"hotelvideo-produktion","status":"publish","type":"page","link":"https:\/\/infinityarchmedia.com\/de\/film\/hotelvideo-produktion\/","title":{"rendered":"Hotel Video and Restaurant Image Film"},"content":{"rendered":"\n<p>Wir planen und produzieren professionelle Hotelfilme in \u00d6sterreich, Deutschland und der Schweiz, aber auch international zu einem sehr g\u00fcnstigen Preis.<br>Das Hotelvideo ist eins Marketinginstrument der Tourismusbranche zur Kundenakquisition, das potentielle G\u00e4ste in Bild und Ton anspricht. Die Filme, die h\u00e4ufig auf Onlineplattformen eingesetzt werden, sollen den Betrachter \u00fcberzeugen, das Hotel zu buchen.<br>Ein Hotelfilm oder Hotelvideo schafft Vertrauen, vermittelt dem Zuschauer Nat\u00fcrlichkeit, Professionalit\u00e4t, Spass und Authentizit\u00e4t.<br>In jedem Fall handelt es sich beim Hotelvideo oder Restaurant Imagevideo um einen kurzen Werbefilm, dessen L\u00e4nge im Idealfall 30 Sekunden bis 5 Minuten betr\u00e4gt. Dies muss reichen, um einen kurzen, aber inspirierenden Einsicht in das Hotel zu geben und eine bleibende Impression beim Zuschauer zu hinterlassen.<br>Der Hotelfilm enth\u00e4lt eine Pr\u00e4sentation des Hotels, anschlie\u00dfend werden die Zimmer und weitere Zusatzangebote, wie Konferenzs\u00e4le, Fitnessr\u00e4ume, oder Wellness dargestellt. Oft wird auch eine kurze Pr\u00e4sentation der Umgebung und nahe gelegenen Ausflugsm\u00f6glichkeiten vorgestellt.<br>Sobald das Video fertiggestellt ist, kann es vielf\u00e4ltig eingesetzt werden, z. B. auf der hoteleigenen Webseite, in Social Media oder auf Videomonitoren vor Ort. Auf den meisten Buchungsportalen kann ein Hotelfilm einfach inkludiert werden.<br>Eine videogest\u00fctzte Tour durch Ihr Hotel oder Restaurant hebt auch das Image des Hotels. Ein Hotelvideo ist neben gezielter Werbung gleichzeitig auch jedes Mal ein Imagefilm \u2013 es repr\u00e4sentiert Ihren Namen und Ihren Service.<\/p>\n\n\n\n<div style=\"height:32px\" aria-hidden=\"true\" class=\"wp-block-spacer\"><\/div>\n\n\n\n<div class=\"wp-block-columns is-layout-flex wp-container-core-columns-is-layout-9d6595d7 wp-block-columns-is-layout-flex\">\n<div class=\"wp-block-column is-layout-flow wp-block-column-is-layout-flow\">\n<figure class=\"wp-block-embed is-type-video is-provider-youtube wp-block-embed-youtube wp-embed-aspect-16-9 wp-has-aspect-ratio\"><div class=\"wp-block-embed__wrapper\">\n<iframe loading=\"lazy\" title=\"Hotel Ibis Budapest City Image Film\" width=\"1060\" height=\"596\" src=\"https:\/\/www.youtube.com\/embed\/Q964yygFDuA?feature=oembed\" frameborder=\"0\" allow=\"accelerometer; autoplay; clipboard-write; encrypted-media; gyroscope; picture-in-picture; web-share\" referrerpolicy=\"strict-origin-when-cross-origin\" allowfullscreen><\/iframe>\n<\/div><\/figure>\n\n\n\n<div style=\"height:16px\" aria-hidden=\"true\" class=\"wp-block-spacer\"><\/div>\n\n\n\n<p>Dies ist der Director\u2019s Cut f\u00fcr das Hotel Ibis Budapest City.<\/p>\n<\/div>\n\n\n\n<div class=\"wp-block-column is-layout-flow wp-block-column-is-layout-flow\">\n<figure class=\"wp-block-embed is-type-video is-provider-youtube wp-block-embed-youtube wp-embed-aspect-16-9 wp-has-aspect-ratio\"><div class=\"wp-block-embed__wrapper\">\n<iframe loading=\"lazy\" title=\"Hotel Mercure Budapest Buda Film\" width=\"1060\" height=\"596\" src=\"https:\/\/www.youtube.com\/embed\/OCv5kIkoh7k?feature=oembed\" frameborder=\"0\" allow=\"accelerometer; autoplay; clipboard-write; encrypted-media; gyroscope; picture-in-picture; web-share\" referrerpolicy=\"strict-origin-when-cross-origin\" allowfullscreen><\/iframe>\n<\/div><\/figure>\n\n\n\n<div style=\"height:16px\" aria-hidden=\"true\" class=\"wp-block-spacer\"><\/div>\n\n\n\n<p>Wir haben diesen Imagevideo f\u00fcr das Hotel Mercure Budapest Buda erstellt.<\/p>\n<\/div>\n<\/div>\n\n\n\n<div style=\"height:32px\" aria-hidden=\"true\" class=\"wp-block-spacer\"><\/div>\n\n\n\n<div class=\"wp-block-columns is-layout-flex wp-container-core-columns-is-layout-9d6595d7 wp-block-columns-is-layout-flex\">\n<div class=\"wp-block-column is-layout-flow wp-block-column-is-layout-flow\">\n<figure class=\"wp-block-embed is-type-video is-provider-youtube wp-block-embed-youtube wp-embed-aspect-16-9 wp-has-aspect-ratio\"><div class=\"wp-block-embed__wrapper\">\n<iframe loading=\"lazy\" title=\"Novotel Budapest Danube Hotel Video\" width=\"1060\" height=\"596\" src=\"https:\/\/www.youtube.com\/embed\/-cFZF5yYLRY?feature=oembed\" frameborder=\"0\" allow=\"accelerometer; autoplay; clipboard-write; encrypted-media; gyroscope; picture-in-picture; web-share\" referrerpolicy=\"strict-origin-when-cross-origin\" allowfullscreen><\/iframe>\n<\/div><\/figure>\n\n\n\n<div style=\"height:16px\" aria-hidden=\"true\" class=\"wp-block-spacer\"><\/div>\n\n\n\n<p>Wir haben dieses Imagefilm in Ungarn f\u00fcr das Hotel Novotel Budapest Danube (Accor Hotels) erstellt.<\/p>\n<\/div>\n\n\n\n<div class=\"wp-block-column is-layout-flow wp-block-column-is-layout-flow\">\n<figure class=\"wp-block-embed is-type-video is-provider-youtube wp-block-embed-youtube wp-embed-aspect-16-9 wp-has-aspect-ratio\"><div class=\"wp-block-embed__wrapper\">\n<iframe loading=\"lazy\" title=\"Mercure Budapest City Center Hotel Image Video\" width=\"1060\" height=\"596\" src=\"https:\/\/www.youtube.com\/embed\/QcutTDN9ZvY?feature=oembed\" frameborder=\"0\" allow=\"accelerometer; autoplay; clipboard-write; encrypted-media; gyroscope; picture-in-picture; web-share\" referrerpolicy=\"strict-origin-when-cross-origin\" allowfullscreen><\/iframe>\n<\/div><\/figure>\n\n\n\n<div style=\"height:16px\" aria-hidden=\"true\" class=\"wp-block-spacer\"><\/div>\n\n\n\n<p>Wir haben diesen film in Ungarn f\u00fcr das Hotel Mercure Budapest City Center (Accor Hotels) erstellt.<\/p>\n<\/div>\n<\/div>\n\n\n\n<div style=\"height:32px\" aria-hidden=\"true\" class=\"wp-block-spacer\"><\/div>\n","protected":false},"excerpt":{"rendered":"<p>Wir planen und produzieren professionelle Hotelfilme in \u00d6sterreich, Deutschland und der Schweiz, aber auch international zu einem sehr g\u00fcnstigen Preis.Das Hotelvideo ist eins Marketinginstrument der&#8230;<\/p>\n","protected":false},"author":1,"featured_media":0,"parent":17170,"menu_order":0,"comment_status":"closed","ping_status":"closed","template":"","meta":{"_seopress_robots_primary_cat":"","_seopress_titles_title":"Hotelfilm, Hotelvideo Produktion in Wien, \u00d6sterreich","_seopress_titles_desc":"Infinity ArchMedia bietet Hotelvideo und Restaurant Imagefilm Produktion in \u00d6sterreich, Deutschland, der Schweiz, Europa und weltweit an.","_seopress_robots_index":"","ngg_post_thumbnail":0,"footnotes":""},"class_list":["post-19481","page","type-page","status-publish","hentry"],"_links":{"self":[{"href":"https:\/\/infinityarchmedia.com\/de\/wp-json\/wp\/v2\/pages\/19481","targetHints":{"allow":["GET"]}}],"collection":[{"href":"https:\/\/infinityarchmedia.com\/de\/wp-json\/wp\/v2\/pages"}],"about":[{"href":"https:\/\/infinityarchmedia.com\/de\/wp-json\/wp\/v2\/types\/page"}],"author":[{"embeddable":true,"href":"https:\/\/infinityarchmedia.com\/de\/wp-json\/wp\/v2\/users\/1"}],"replies":[{"embeddable":true,"href":"https:\/\/infinityarchmedia.com\/de\/wp-json\/wp\/v2\/comments?post=19481"}],"version-history":[{"count":0,"href":"https:\/\/infinityarchmedia.com\/de\/wp-json\/wp\/v2\/pages\/19481\/revisions"}],"up":[{"embeddable":true,"href":"https:\/\/infinityarchmedia.com\/de\/wp-json\/wp\/v2\/pages\/17170"}],"wp:attachment":[{"href":"https:\/\/infinityarchmedia.com\/de\/wp-json\/wp\/v2\/media?parent=19481"}],"curies":[{"name":"wp","href":"https:\/\/api.w.org\/{rel}","templated":true}]}}